{"id":153,"date":"2021-01-17T12:56:19","date_gmt":"2021-01-17T12:56:19","guid":{"rendered":"http:\/\/femitec.de\/?page_id=153"},"modified":"2025-12-09T15:24:17","modified_gmt":"2025-12-09T15:24:17","slug":"imprint","status":"publish","type":"page","link":"https:\/\/femitec.de\/en\/imprint\/","title":{"rendered":"Imprint"},"content":{"rendered":"<div data-elementor-type=\"wp-page\" data-elementor-id=\"153\" class=\"elementor elementor-153\" data-elementor-post-type=\"page\">\n\t\t\t\t\t\t<section class=\"elementor-section elementor-top-section elementor-element elementor-element-643504d6 elementor-section-boxed elementor-section-height-default elementor-section-height-default\" data-id=\"643504d6\" data-element_type=\"section\" data-e-type=\"section\" data-settings=\"{&quot;background_background&quot;:&quot;classic&quot;}\">\n\t\t\t\t\t\t\t<div class=\"elementor-background-overlay\"><\/div>\n\t\t\t\t\t\t\t<div class=\"elementor-container elementor-column-gap-no\">\n\t\t\t\t\t<div class=\"elementor-column elementor-col-100 elementor-top-column elementor-element elementor-element-16bd84ab\" data-id=\"16bd84ab\" data-element_type=\"column\" data-e-type=\"column\">\n\t\t\t<div class=\"elementor-widget-wrap elementor-element-populated\">\n\t\t\t\t\t\t<div class=\"elementor-element elementor-element-747ed76e elementor-widget elementor-widget-heading\" data-id=\"747ed76e\" data-element_type=\"widget\" data-e-type=\"widget\" data-widget_type=\"heading.default\">\n\t\t\t\t<div class=\"elementor-widget-container\">\n\t\t\t\t\t<h1 class=\"elementor-heading-title elementor-size-default\">Imprint<\/h1>\t\t\t\t<\/div>\n\t\t\t\t<\/div>\n\t\t\t\t\t<\/div>\n\t\t<\/div>\n\t\t\t\t\t<\/div>\n\t\t<\/section>\n\t\t\t\t<section class=\"elementor-section elementor-top-section elementor-element elementor-element-c38b47f elementor-section-boxed elementor-section-height-default elementor-section-height-default\" data-id=\"c38b47f\" data-element_type=\"section\" data-e-type=\"section\">\n\t\t\t\t\t\t<div class=\"elementor-container elementor-column-gap-default\">\n\t\t\t\t\t<div class=\"elementor-column elementor-col-100 elementor-top-column elementor-element elementor-element-523cd23\" data-id=\"523cd23\" data-element_type=\"column\" data-e-type=\"column\">\n\t\t\t<div class=\"elementor-widget-wrap elementor-element-populated\">\n\t\t\t\t\t\t<div class=\"elementor-element elementor-element-363fdd4 elementor-widget elementor-widget-text-editor\" data-id=\"363fdd4\" data-element_type=\"widget\" data-e-type=\"widget\" data-widget_type=\"text-editor.default\">\n\t\t\t\t<div class=\"elementor-widget-container\">\n\t\t\t\t\t\t\t\t\t<p><strong>Imprint of Femitec GmbH<\/strong><\/p>\n<p>Femitec GmbH<br>Trentiner Ring 8 \/ 86356 Neus\u00e4\u00df<\/p>\n<p>Femitec GmbH is a member of DAIHEN Group.<\/p>\n<p>fon: +49 821 450 249-00<br>fax: +49 821 453 098-09<br>mail:&nbsp;<a href=\"mailto:info@femitec.de\">info@femitec.de<\/a><a href=\"mailto:info@femitec.de\"><br><\/a>www.femitec.de<\/p>\n<p>Gesch\u00e4ftsf\u00fchrer: Tobias Geh, Norihito Takahashi<\/p>\n<p>Amtsgericht Augsburg<br>Handelsregister-Nr: HR B 22991<br>Ust-IdNr: DE 256906088<br>Gerichtsstand ist Augsburg<\/p>\n<p>Verantwortlicher f\u00fcr Programmmierung und Design:<br>Femitec GmbH<\/p>\n<p>Verantwortlicher f\u00fcr eigene Inhalte der Femitec GmbH gem. \u00a7 55 RStV:<br>Tobias Geh<\/p>\n<p>Bildnachweis:<br>Das verwendete Bildmaterial ist von der Bildagentur Fotolia \/ Istockphoto \/ Shutterstock.<\/p>\n<p><strong>Haftungshinweis<\/strong><\/p>\n<p>Trotz sorgf\u00e4ltiger inhaltlicher Kontrolle \u00fcbernehmen wir keine Haftung f\u00fcr die Inhalte externer Links. F\u00fcr den Inhalt der verlinkten Seiten sind ausschlie\u00dflich deren Betreiber verantwortlich. Die Domain www.femitec.de inklusive aller Sub-Domains verweisen mit Links zu anderen Seiten im Internet. F\u00fcr diese F\u00e4lle gilt: Die Femitec GmbH als Betreiber von www.femitec.de erkl\u00e4rt ausdr\u00fccklich, dass sie keinerlei Einfluss auf die Gestaltung und die Inhalte der verlinkten und eingespielten Seiten hat. Aus diesem Grunde distanzieren sich www.femitec.de und die Femitec GmbH ausdr\u00fccklich von allen Inhalten aller verlinkten Seiten auf der Website und machen sich diese Inhalte nicht zu Eigen. Diese Erkl\u00e4rung gilt f\u00fcr alle Seiten, zu denen Links f\u00fchren.<\/p>\n<p><strong>Allgemeine Datenschutzerkl\u00e4rung<\/strong><\/p>\n<p>Der Schutz Ihrer personenbezogenen Daten bei der Erhebung, Verarbeitung und Nutzung anl\u00e4sslich Ihres Besuchs auf unserer Webpr\u00e4senz ist uns ein wichtiges Anliegen. Ihre Daten werden im Rahmen der gesetzlichen Vorschriften gesch\u00fctzt. Nachfolgend finden Sie Informationen, welche Daten w\u00e4hrend Ihres Besuchs auf der Webpr\u00e4senz erfasst und wie diese genutzt werden:<\/p>\n<p><strong>1. Erhebung und Verarbeitung von Daten<\/strong><\/p>\n<p>Jeder Zugriff auf unsere Webpr\u00e4senz und jeder Abruf einer dieser hinterlegten Datei werden protokolliert. Die Speicherung dient internen systembezogenen und statistischen Zwecken. Protokolliert werden u.a.: Name der abgerufenen Datei, Datum und Uhrzeit des Abrufs, \u00fcbertragene Datenmenge, Meldung \u00fcber erfolgreichen Abruf, Webbrowser und anfragende Domain. Zus\u00e4tzlich werden IP-Adressen der anfragenden Rechner protokolliert.<\/p>\n<p>Weitergehende personenbezogene Daten werden nur erfasst, wenn diese Angaben freiwillig, etwa im Rahmen einer Anfrage oder Registrierung machen.<\/p>\n<p><strong>2. Nutzung und Weitergabe personenbezogener Daten<\/strong><\/p>\n<p>Soweit Sie uns personenbezogene Daten zur Verf\u00fcgung gestellt haben, verwenden wir diese nur zur Beantwortung Ihrer Anfragen, zur Abwicklung mit Ihnen geschlossener Vertr\u00e4ge und f\u00fcr die technische Administration.<\/p>\n<p>Ihre personenbezogenen Daten werden an Dritte nur weitergegeben oder sonst \u00fcbermittelt, wenn dies zum Zwecke der Vertragsabwicklung erforderlich ist, dies zu Abrechnungszwecken notwendig wird oder Sie zuvor eingewilligt haben. Sie haben das Recht, eine erteilte Einwilligung mit Wirkung f\u00fcr die Zukunft jederzeit zu widerrufen.<\/p>\n<p>Die L\u00f6schung der gespeicherten personenbezogenen Daten erfolgt, wenn Sie Ihre Einwilligung zur Speicherung widerrufen, deren Kenntnis zur Erf\u00fcllung des mit der Speicherung verfolgten Zwecks nicht mehr erforderlich ist oder deren Speicherung aus sonstigen Gr\u00fcnden unzul\u00e4ssig ist.<\/p>\n<p><strong>3. Auskunftsrecht<\/strong><\/p>\n<p>Auf schriftliche Anfrage informieren wir Sie gern \u00fcber die zu Ihrer Person gespeicherten Daten.<\/p>\n<p><strong>4. Hinweise zum Urheberrecht\/Copyright:<\/strong><\/p>\n<p>Alle Bilder\/Aufnahmen sowie Textinhalte auf dieser Seite unterliegen, soweit nicht anders vermerkt, dem Urheberrecht der Femitec GmbH. Jegliche Verwendung der Bilder bedarf in jedem Fall einer schriftlichen, vorherigen Genehmigung des Seitenbetreibers! Es ist ausdr\u00fccklich untersagt, Fotos ohne schriftliche Genehmigung zu vervielf\u00e4ltigen oder zu ver\u00f6ffentlichen bzw. Textinhalte zu kopieren \u2013 auch nicht in Teilen und gleich f\u00fcr welchen Zweck (eingeschlossen private Zwecke!). Dies schlie\u00dft auch die Nutzung der Bilder auf anderen Internetseiten oder der Femitec GmbH zur Verf\u00fcgung gestellten Fremdaufnahmen ein. Hier ist in jedem Fall ebenfalls vorher eine schriftliche Genehmigung des Seitenbetreibers einzuholen! Das Bildmaterial darf auch nach Erteilung einer Nutzungsgenehmigung des Seitenbetreibers nur dann auf anderen Internetseiten gezeigt werden, wenn eine Quellenangabe (Name des Seitenbetreibers oder Website) sichtbar ist. Auch nach Erteilung einer Nutzungsgenehmigung darf das Bildmaterial ausschlie\u00dflich f\u00fcr die angefragte Internetseite bzw. den angefragten Zweck verwendet werden. Eine freie Nutzung f\u00fcr andere Zwecke, als den angefragten und genehmigten, bleibt weiterhin untersagt! Jeder Versto\u00df wird strafrechtlich verfolgt und Schadensersatzforderungen entsprechend gepr\u00fcft und bei Bedarf ausnahmslos und ohne vorherige Verwarnung geltend gemacht.<\/p>\n<p>Alle Informationen, Firmenzeichen, Logos, Texte, Grafiken und Bilder unterliegen dem Urheberrecht. Alle dargestellten Firmenlogos unterliegen dem Copyright der jeweiligen Firmen.<\/p>\n<p><strong>Sicherheitshinweis:<\/strong><\/p>\n<p>Wir bem\u00fchen uns, Ihre personenbezogenen Daten durch entsprechende technische und organisatorische M\u00f6glichkeiten so zu speichern, dass diese f\u00fcr Dritte nicht zug\u00e4nglich sind. Bei einer Kommunikation per Email kann die vollst\u00e4ndige Datensicherheit von uns nicht gew\u00e4hrleistet werden, sodass wir Ihnen bei vertraulichen Informationen die Nutzung des Postwegs empfehlen. Ende des Hinweises.<\/p>\t\t\t\t\t\t\t\t<\/div>\n\t\t\t\t<\/div>\n\t\t\t\t\t<\/div>\n\t\t<\/div>\n\t\t\t\t\t<\/div>\n\t\t<\/section>\n\t\t\t\t<\/div>","protected":false},"excerpt":{"rendered":"<p>Impressum Impressum der Femitec GmbH Femitec GmbHTrentiner Ring 8 \/ 86356 Neus\u00e4\u00df Femitec GmbH is a member of DAIHEN Group. fon: +49 821 450 249-00fax: +49 821 453 098-09mail:&nbsp;info@femitec.dewww.femitec.de Gesch\u00e4ftsf\u00fchrer: Tobias Geh, Norihito Takahashi Amtsgericht AugsburgHandelsregister-Nr: HR B 22991Ust-IdNr: DE 256906088Gerichtsstand ist Augsburg Verantwortlicher f\u00fcr Programmmierung und Design:Femitec GmbH Verantwortlicher f\u00fcr eigene Inhalte der Femitec [&hellip;]<\/p>\n","protected":false},"author":1,"featured_media":0,"parent":0,"menu_order":0,"comment_status":"closed","ping_status":"closed","template":"","meta":{"_seopress_robots_primary_cat":"","_seopress_titles_title":"","_seopress_titles_desc":"Impressum der Femitec GmbH","_seopress_robots_index":"","site-sidebar-layout":"no-sidebar","site-content-layout":"page-builder","ast-site-content-layout":"default","site-content-style":"default","site-sidebar-style":"default","ast-global-header-display":"","ast-banner-title-visibility":"","ast-main-header-display":"","ast-hfb-above-header-display":"","ast-hfb-below-header-display":"","ast-hfb-mobile-header-display":"","site-post-title":"disabled","ast-breadcrumbs-content":"","ast-featured-img":"disabled","footer-sml-layout":"","ast-disable-related-posts":"","theme-transparent-header-meta":"enabled","adv-header-id-meta":"","stick-header-meta":"","header-above-stick-meta":"","header-main-stick-meta":"","header-below-stick-meta":"","astra-migrate-meta-layouts":"default","ast-page-background-enabled":"default","ast-page-background-meta":{"desktop":{"background-color":"","background-image":"","background-repeat":"repeat","background-position":"center center","background-size":"auto","background-attachment":"scroll","background-type":"","background-media":"","overlay-type":"","overlay-color":"","overlay-opacity":"","overlay-gradient":""},"tablet":{"background-color":"","background-image":"","background-repeat":"repeat","background-position":"center center","background-size":"auto","background-attachment":"scroll","background-type":"","background-media":"","overlay-type":"","overlay-color":"","overlay-opacity":"","overlay-gradient":""},"mobile":{"background-color":"","background-image":"","background-repeat":"repeat","background-position":"center center","background-size":"auto","background-attachment":"scroll","background-type":"","background-media":"","overlay-type":"","overlay-color":"","overlay-opacity":"","overlay-gradient":""}},"ast-content-background-meta":{"desktop":{"background-color":"var(--ast-global-color-5)","background-image":"","background-repeat":"repeat","background-position":"center center","background-size":"auto","background-attachment":"scroll","background-type":"","background-media":"","overlay-type":"","overlay-color":"","overlay-opacity":"","overlay-gradient":""},"tablet":{"background-color":"var(--ast-global-color-5)","background-image":"","background-repeat":"repeat","background-position":"center center","background-size":"auto","background-attachment":"scroll","background-type":"","background-media":"","overlay-type":"","overlay-color":"","overlay-opacity":"","overlay-gradient":""},"mobile":{"background-color":"var(--ast-global-color-5)","background-image":"","background-repeat":"repeat","background-position":"center center","background-size":"auto","background-attachment":"scroll","background-type":"","background-media":"","overlay-type":"","overlay-color":"","overlay-opacity":"","overlay-gradient":""}},"footnotes":""},"class_list":["post-153","page","type-page","status-publish","hentry"],"_links":{"self":[{"href":"https:\/\/femitec.de\/en\/wp-json\/wp\/v2\/pages\/153","targetHints":{"allow":["GET"]}}],"collection":[{"href":"https:\/\/femitec.de\/en\/wp-json\/wp\/v2\/pages"}],"about":[{"href":"https:\/\/femitec.de\/en\/wp-json\/wp\/v2\/types\/page"}],"author":[{"embeddable":true,"href":"https:\/\/femitec.de\/en\/wp-json\/wp\/v2\/users\/1"}],"replies":[{"embeddable":true,"href":"https:\/\/femitec.de\/en\/wp-json\/wp\/v2\/comments?post=153"}],"version-history":[{"count":3,"href":"https:\/\/femitec.de\/en\/wp-json\/wp\/v2\/pages\/153\/revisions"}],"predecessor-version":[{"id":61152,"href":"https:\/\/femitec.de\/en\/wp-json\/wp\/v2\/pages\/153\/revisions\/61152"}],"wp:attachment":[{"href":"https:\/\/femitec.de\/en\/wp-json\/wp\/v2\/media?parent=153"}],"curies":[{"name":"wp","href":"https:\/\/api.w.org\/{rel}","templated":true}]}}